{"id":17,"date":"2024-12-12T15:51:28","date_gmt":"2024-12-12T15:51:28","guid":{"rendered":"https:\/\/eventpilot.fr\/?page_id=17"},"modified":"2025-10-29T15:07:16","modified_gmt":"2025-10-29T15:07:16","slug":"contact","status":"publish","type":"page","link":"https:\/\/eventpilot.fr\/index.php\/contact\/","title":{"rendered":"Contactez-nous"},"content":{"rendered":"\n<div class=\"wp-block-media-text has-media-on-the-right is-stacked-on-mobile\"><div class=\"wp-block-media-text__content\">\n<p><strong>Pr\u00eat.e \u00e0 vous lancer ?<\/strong><br>Dites-nous l&#8217;essentiel sur votre \u00e9v\u00e9nement, nous vous contacterons rapidement.<\/p>\n<\/div><figure class=\"wp-block-media-text__media\"><img fetchpriority=\"high\" decoding=\"async\" width=\"540\" height=\"300\" src=\"https:\/\/eventpilot.fr\/wp-content\/uploads\/2024\/12\/boxking_services_img_1.jpg\" alt=\"\" class=\"wp-image-52 size-full\" srcset=\"https:\/\/eventpilot.fr\/wp-content\/uploads\/2024\/12\/boxking_services_img_1.jpg 540w, https:\/\/eventpilot.fr\/wp-content\/uploads\/2024\/12\/boxking_services_img_1-300x167.jpg 300w\" sizes=\"(max-width: 540px) 100vw, 540px\" \/><\/figure><\/div>\n\n\n<p><iframe loading=\"lazy\"\n\t\t\t\t\tsrc=\"https:\/\/maps.google.com\/maps?q=London%20Eye%2C%20London%2C%20United%20Kingdom&#038;t=m&#038;z=10&#038;output=embed&#038;iwloc=near\"\n\t\t\t\t\ttitle=\"London Eye, London, United Kingdom\"\n\t\t\t\t\taria-label=\"London Eye, London, United Kingdom\"\n\t\t\t><\/iframe><\/p>","protected":false},"excerpt":{"rendered":"<p>Pr\u00eat.e \u00e0 vous lancer ?Dites-nous l&#8217;essentiel sur votre \u00e9v\u00e9nement, nous vous contacterons rapidement.<\/p>\n","protected":false},"author":1,"featured_media":0,"parent":0,"menu_order":0,"comment_status":"closed","ping_status":"closed","template":"","meta":{"footnotes":""},"class_list":["post-17","page","type-page","status-publish","hentry"],"_links":{"self":[{"href":"https:\/\/eventpilot.fr\/index.php\/wp-json\/wp\/v2\/pages\/17","targetHints":{"allow":["GET"]}}],"collection":[{"href":"https:\/\/eventpilot.fr\/index.php\/wp-json\/wp\/v2\/pages"}],"about":[{"href":"https:\/\/eventpilot.fr\/index.php\/wp-json\/wp\/v2\/types\/page"}],"author":[{"embeddable":true,"href":"https:\/\/eventpilot.fr\/index.php\/wp-json\/wp\/v2\/users\/1"}],"replies":[{"embeddable":true,"href":"https:\/\/eventpilot.fr\/index.php\/wp-json\/wp\/v2\/comments?post=17"}],"version-history":[{"count":12,"href":"https:\/\/eventpilot.fr\/index.php\/wp-json\/wp\/v2\/pages\/17\/revisions"}],"predecessor-version":[{"id":97,"href":"https:\/\/eventpilot.fr\/index.php\/wp-json\/wp\/v2\/pages\/17\/revisions\/97"}],"wp:attachment":[{"href":"https:\/\/eventpilot.fr\/index.php\/wp-json\/wp\/v2\/media?parent=17"}],"curies":[{"name":"wp","href":"https:\/\/api.w.org\/{rel}","templated":true}]}}