{"id":108,"date":"2025-10-30T09:14:07","date_gmt":"2025-10-30T09:14:07","guid":{"rendered":"https:\/\/eventpilot.fr\/?page_id=108"},"modified":"2025-10-30T09:14:07","modified_gmt":"2025-10-30T09:14:07","slug":"le-chateau","status":"publish","type":"page","link":"https:\/\/eventpilot.fr\/index.php\/le-chateau\/","title":{"rendered":"LE CH\u00c2TEAU"},"content":{"rendered":"\n<figure class=\"wp-block-image size-full\"><img fetchpriority=\"high\" decoding=\"async\" width=\"540\" height=\"300\" src=\"https:\/\/eventpilot.fr\/wp-content\/uploads\/2024\/12\/boxking_services_img_1.jpg\" alt=\"\" class=\"wp-image-52\" srcset=\"https:\/\/eventpilot.fr\/wp-content\/uploads\/2024\/12\/boxking_services_img_1.jpg 540w, https:\/\/eventpilot.fr\/wp-content\/uploads\/2024\/12\/boxking_services_img_1-300x167.jpg 300w\" sizes=\"(max-width: 540px) 100vw, 540px\" \/><\/figure>\n\n\n\n<h2 class=\"wp-block-heading\">L&#8217;Esprit du lieu<\/h2>\n\n\n\n<p>Ch\u00e2teau de VALLERY, h\u00e9ritier du faste des Cond\u00e9s, dans la lign\u00e9e de Fontainebleau et Versailles.<\/p>\n\n\n\n<p><\/p>\n\n\n\n<h2 class=\"wp-block-heading\">The Spirit of the Place<\/h2>\n\n\n\n<p>Ch\u00e2teau VALLERY, heir to the splendour of the Cond\u00e9 dynasty, in the tradition of Fontainebleau and Versailles.<\/p>\n\n\n\n<p><\/p>\n\n\n\n<hr class=\"wp-block-separator has-alpha-channel-opacity\"\/>\n\n\n\n<p><\/p>\n\n\n\n<h2 class=\"wp-block-heading\">Bref historique<\/h2>\n\n\n\n<p>Un petit village perdu entre Fontainebleau et Sens: Vallery et son ch\u00e2teau Renaissance prot\u00e9g\u00e9 par son enceinte m\u00e9di\u00e9vale. Une origine qui se perd dans la nuit des temps et dans cette nuit: l\u2019\u00e9clat de l\u2019armure \u00e9tincelante de Jehan de Vallery qui, au cot\u00e9 de Saint Louis, fit le si\u00e8ge de Damiette en Egypte au cours de la 7\u00e8me croisade. En ce temps-l\u00e0, la forteresse de Vallery pouvait abriter 5000 hommes en armes.<\/p>\n\n\n\n<p><\/p>\n\n\n\n<p>De cette \u00e9poque nous reste une vaste enceinte flanqu\u00e9e de tours de divers \u00e2ges et des caves vo\u00fbt\u00e9es.<\/p>\n\n\n\n<p>C\u2019est le 16 Avril de l\u2019an de gr\u00e2ce 1548 que Saint-Andr\u00e9, mar\u00e9chal de France et favori du Roi Henri II, fait l\u2019acquisition de la terre de Vallery pour la somme de 95.000 livres &#8211; une fortune \u00e0 l\u2019\u00e9poque.<\/p>\n\n\n\n<p><\/p>\n\n\n\n<p>Le 1er Ao\u00fbt 2006, pour notre mariage, Ariane et moi inaugurions 2 appartements tout particuliers; Le Loft sous le signe de Bouddha et le Pigeonnier qui, fort de ses 2844 boulins, r\u00eave ses 5688 volatiles princiers et n\u2019abrite d\u00e9sormais plus que le sommeil de nos mari\u00e9s. C\u2019est le plus grand pigeonnier de France. Il est d\u00e9di\u00e9 \u00e0 la lune et aux \u00e9toiles que l\u2019on peut contempler au travers de sa verri\u00e8re dans le ciel lumineux de Vallery. En 2008, naissait la Palmeraie \u00e0 l\u2019ombre des remparts. Elle compte 4 chambres enti\u00e8rement r\u00e9alis\u00e9es en bois de teck gras de Java et un petit kiosque balinais ombrag\u00e9 par les palmiers et les oliviers. Elle contribue \u00e0 enrichir aujourd&#8217;hui la visite des chambres et des salles du ch\u00e2teau.<\/p>\n\n\n\n<p><\/p>\n\n\n\n<figure class=\"wp-block-image size-full\"><img fetchpriority=\"high\" decoding=\"async\" width=\"540\" height=\"300\" src=\"https:\/\/eventpilot.fr\/wp-content\/uploads\/2024\/12\/boxking_services_img_1.jpg\" alt=\"\" class=\"wp-image-52\" srcset=\"https:\/\/eventpilot.fr\/wp-content\/uploads\/2024\/12\/boxking_services_img_1.jpg 540w, https:\/\/eventpilot.fr\/wp-content\/uploads\/2024\/12\/boxking_services_img_1-300x167.jpg 300w\" sizes=\"(max-width: 540px) 100vw, 540px\" \/><\/figure>\n\n\n\n<p><\/p>\n\n\n\n<p>C\u2019est en 2012 que nous inaugurions les salons de musique d\u00e9di\u00e9s aux instruments des &#8220;Menu Plaisirs&#8221; de Louis XIV.<\/p>\n\n\n\n<p>Avec la Closerie qui les prolonge, ces salons peuvent d\u00e9sormais accueillir des cocktails ou des d\u00eeners de plain-pied avec le parc et ses jardins de rhododendrons, de cam\u00e9lias, de ch\u00e8vrefeuilles et de rosiers grimpants. Enfin en 2013, \u00e9tait publi\u00e9 aux \u00e9ditions Gourcuff Gradenigo mon livre: &#8220;Vallery, la f\u00eate au ch\u00e2teau&#8221;. Cet ouvrage fait la r\u00e9trospective des f\u00eates qui se sont d\u00e9roul\u00e9es au ch\u00e2teau. C\u2019est aussi une exploration des arts du feu, de la table, de la danse, de la s\u00e9duction&#8230;<\/p>\n\n\n\n<p><\/p>\n\n\n\n<hr class=\"wp-block-separator has-alpha-channel-opacity\"\/>\n\n\n\n<p><\/p>\n\n\n\n<h2 class=\"wp-block-heading\">Les Salles et jardins<\/h2>\n\n\n\n<p><\/p>\n\n\n\n<div class=\"wp-block-media-text is-stacked-on-mobile\"><figure class=\"wp-block-media-text__media\"><img decoding=\"async\" width=\"540\" height=\"300\" src=\"https:\/\/eventpilot.fr\/wp-content\/uploads\/2024\/12\/boxking_services_img_1.jpg\" alt=\"\" class=\"wp-image-52 size-full\" srcset=\"https:\/\/eventpilot.fr\/wp-content\/uploads\/2024\/12\/boxking_services_img_1.jpg 540w, https:\/\/eventpilot.fr\/wp-content\/uploads\/2024\/12\/boxking_services_img_1-300x167.jpg 300w\" sizes=\"(max-width: 540px) 100vw, 540px\" \/><\/figure><div class=\"wp-block-media-text__content\">\n<h3 class=\"wp-block-heading\">5 Salles de r\u00e9ception pour votre mariage<\/h3>\n\n\n\n<p>La clef de vo\u00fbte de votre \u00e9v\u00e9nement, c\u2019est la Grande Galerie de plain-pied avec ses jardins \u00e9clair\u00e9s aux flambeaux. Juste au-dessus, la Salle des Tentures est d\u00e9di\u00e9e \u00e0 un cocktail ou un d\u00eener. Un lieu qui se transforme en synagogue ou en un grand espace de jeux pour les petits sous la haute surveillance des baby-sitters. Aussi, le Salon des Musiques et sa Closerie donnent sur les jardins et la for\u00eat. Les caves m\u00e9di\u00e9vales s\u2019ouvrent aux d\u00e9gustations de crus d\u2019exception, en pr\u00e9mices d\u2019un mariage. Enfin, le Pavillon Oriental et sa piscine h\u00e9bergent Bar Mitsva, c\u00e9r\u00e9monie du henn\u00e9, brunch de la veille, barbecue du lendemain, etc. N\u2019h\u00e9sitez pas \u00e0 consulter la page d\u00e9di\u00e9e \u00e0 la visite virtuelle du ch\u00e2teau.<\/p>\n<\/div><\/div>\n\n\n\n<h3 class=\"wp-block-heading\">De grands jardins en synergie<\/h3>\n\n\n\n<figure class=\"wp-block-gallery has-nested-images columns-default is-cropped wp-block-gallery-1 is-layout-flex wp-block-gallery-is-layout-flex\">\n<figure class=\"wp-block-image size-large\"><img decoding=\"async\" width=\"835\" height=\"322\" data-id=\"9\" src=\"https:\/\/eventpilot.fr\/wp-content\/uploads\/2024\/12\/dark@3x.png\" alt=\"\" class=\"wp-image-9\" srcset=\"https:\/\/eventpilot.fr\/wp-content\/uploads\/2024\/12\/dark@3x.png 835w, https:\/\/eventpilot.fr\/wp-content\/uploads\/2024\/12\/dark@3x-300x116.png 300w, https:\/\/eventpilot.fr\/wp-content\/uploads\/2024\/12\/dark@3x-768x296.png 768w\" sizes=\"(max-width: 835px) 100vw, 835px\" \/><figcaption class=\"wp-element-caption\">Jardin 1<\/figcaption><\/figure>\n\n\n\n<figure class=\"wp-block-image size-large\"><img loading=\"lazy\" decoding=\"async\" width=\"540\" height=\"300\" data-id=\"52\" src=\"https:\/\/eventpilot.fr\/wp-content\/uploads\/2024\/12\/boxking_services_img_1.jpg\" alt=\"\" class=\"wp-image-52\" srcset=\"https:\/\/eventpilot.fr\/wp-content\/uploads\/2024\/12\/boxking_services_img_1.jpg 540w, https:\/\/eventpilot.fr\/wp-content\/uploads\/2024\/12\/boxking_services_img_1-300x167.jpg 300w\" sizes=\"(max-width: 540px) 100vw, 540px\" \/><figcaption class=\"wp-element-caption\">Jardin 2<\/figcaption><\/figure>\n\n\n\n<figure class=\"wp-block-image size-large\"><img decoding=\"async\" data-id=\"66\" src=\"https:\/\/eventpilot.fr\/wp-content\/uploads\/2024\/12\/Asset-4.svg\" alt=\"\" class=\"wp-image-66\"\/><figcaption class=\"wp-element-caption\">Jardin 3<\/figcaption><\/figure>\n<\/figure>\n","protected":false},"excerpt":{"rendered":"<p>L&#8217;Esprit du lieu Ch\u00e2teau de VALLERY, h\u00e9ritier du faste des Cond\u00e9s, dans la lign\u00e9e de Fontainebleau et Versailles. The Spirit of the Place Ch\u00e2teau VALLERY, heir to the splendour of the Cond\u00e9 dynasty, in the tradition of Fontainebleau and Versailles. Bref historique Un petit village perdu entre Fontainebleau et Sens: Vallery et son ch\u00e2teau Renaissance [&hellip;]<\/p>\n","protected":false},"author":2,"featured_media":0,"parent":0,"menu_order":0,"comment_status":"closed","ping_status":"closed","template":"","meta":{"footnotes":""},"class_list":["post-108","page","type-page","status-publish","hentry"],"_links":{"self":[{"href":"https:\/\/eventpilot.fr\/index.php\/wp-json\/wp\/v2\/pages\/108","targetHints":{"allow":["GET"]}}],"collection":[{"href":"https:\/\/eventpilot.fr\/index.php\/wp-json\/wp\/v2\/pages"}],"about":[{"href":"https:\/\/eventpilot.fr\/index.php\/wp-json\/wp\/v2\/types\/page"}],"author":[{"embeddable":true,"href":"https:\/\/eventpilot.fr\/index.php\/wp-json\/wp\/v2\/users\/2"}],"replies":[{"embeddable":true,"href":"https:\/\/eventpilot.fr\/index.php\/wp-json\/wp\/v2\/comments?post=108"}],"version-history":[{"count":3,"href":"https:\/\/eventpilot.fr\/index.php\/wp-json\/wp\/v2\/pages\/108\/revisions"}],"predecessor-version":[{"id":111,"href":"https:\/\/eventpilot.fr\/index.php\/wp-json\/wp\/v2\/pages\/108\/revisions\/111"}],"wp:attachment":[{"href":"https:\/\/eventpilot.fr\/index.php\/wp-json\/wp\/v2\/media?parent=108"}],"curies":[{"name":"wp","href":"https:\/\/api.w.org\/{rel}","templated":true}]}}