{"id":101,"date":"2025-10-29T15:52:56","date_gmt":"2025-10-29T15:52:56","guid":{"rendered":"https:\/\/eventpilot.fr\/?page_id=101"},"modified":"2025-10-29T15:59:35","modified_gmt":"2025-10-29T15:59:35","slug":"notre-offre","status":"publish","type":"page","link":"https:\/\/eventpilot.fr\/index.php\/notre-offre\/","title":{"rendered":"NOTRE OFFRE"},"content":{"rendered":"\n<h2 class=\"wp-block-heading has-black-color has-white-background-color has-text-color has-background has-link-color has-small-font-size wp-elements-e2259abcdf55fe43b8d86f13fa4e7d24\">Les avantages de l&#8217;offre Event Pilot et la souplesse qu&#8217;elle vous assure, font de nous le partenaire id\u00e9al pour sublimer vos c\u00e9l\u00e9brations.<\/h2>\n\n\n\n<div class=\"wp-block-media-text is-stacked-on-mobile\"><figure class=\"wp-block-media-text__media\"><img fetchpriority=\"high\" decoding=\"async\" width=\"540\" height=\"300\" src=\"https:\/\/eventpilot.fr\/wp-content\/uploads\/2024\/12\/boxking_services_img_1.jpg\" alt=\"\" class=\"wp-image-52 size-full\" srcset=\"https:\/\/eventpilot.fr\/wp-content\/uploads\/2024\/12\/boxking_services_img_1.jpg 540w, https:\/\/eventpilot.fr\/wp-content\/uploads\/2024\/12\/boxking_services_img_1-300x167.jpg 300w\" sizes=\"(max-width: 540px) 100vw, 540px\" \/><\/figure><div class=\"wp-block-media-text__content\">\n<p class=\"has-large-font-size\"><mark style=\"background-color:rgba(0, 0, 0, 0)\" class=\"has-inline-color has-luminous-vivid-orange-color\"><strong>DES COCKTAILS VARI\u00c9S<\/strong><\/mark><\/p>\n\n\n\n<p style=\"font-size:23px\">De la personnalisation des cocktails aux classiques intemporels, Event Pilot offre tout un r\u00e9pertoire de services pour donner vie \u00e0 votre projet.<\/p>\n<\/div><\/div>\n\n\n\n<p><\/p>\n\n\n\n<div class=\"wp-block-media-text has-media-on-the-right is-stacked-on-mobile\"><div class=\"wp-block-media-text__content\">\n<p class=\"has-large-font-size\"><mark style=\"background-color:rgba(0, 0, 0, 0)\" class=\"has-inline-color has-luminous-vivid-orange-color\"><strong>UNE EXP\u00c9RIENCE<\/strong><\/mark> <mark style=\"background-color:rgba(0, 0, 0, 0)\" class=\"has-inline-color has-luminous-vivid-orange-color\"><strong>PERSONNALIS\u00c9E<\/strong><\/mark><\/p>\n\n\n\n<p style=\"font-size:23px\">Notre carte se renouvelle sans cesse.<br>Nos bartenders, r\u00e9unis autour d&#8217;un axe cr\u00e9atif commun, invitent nos clients \u00e0 vivre une exp\u00e9rience unique selon une envie ou une saison.<\/p>\n<\/div><figure class=\"wp-block-media-text__media\"><img fetchpriority=\"high\" decoding=\"async\" width=\"540\" height=\"300\" src=\"https:\/\/eventpilot.fr\/wp-content\/uploads\/2024\/12\/boxking_services_img_1.jpg\" alt=\"\" class=\"wp-image-52 size-full\" srcset=\"https:\/\/eventpilot.fr\/wp-content\/uploads\/2024\/12\/boxking_services_img_1.jpg 540w, https:\/\/eventpilot.fr\/wp-content\/uploads\/2024\/12\/boxking_services_img_1-300x167.jpg 300w\" sizes=\"(max-width: 540px) 100vw, 540px\" \/><\/figure><\/div>\n\n\n\n<p><\/p>\n\n\n\n<div class=\"wp-block-buttons is-layout-flex wp-block-buttons-is-layout-flex\">\n<div class=\"wp-block-button\"><a class=\"wp-block-button__link has-white-color has-text-color has-link-color wp-element-button\">Nous contacter<\/a><\/div>\n<\/div>\n\n\n\n<p><\/p>\n\n\n\n<hr class=\"wp-block-separator has-alpha-channel-opacity\"\/>\n\n\n\n<p><\/p>\n\n\n\n<div class=\"wp-block-cover\"><span aria-hidden=\"true\" class=\"wp-block-cover__background has-background-dim\" style=\"background-color:#756b62\"><\/span><img decoding=\"async\" width=\"540\" height=\"300\" class=\"wp-block-cover__image-background wp-image-52\" alt=\"\" src=\"https:\/\/eventpilot.fr\/wp-content\/uploads\/2024\/12\/boxking_services_img_1.jpg\" data-object-fit=\"cover\" srcset=\"https:\/\/eventpilot.fr\/wp-content\/uploads\/2024\/12\/boxking_services_img_1.jpg 540w, https:\/\/eventpilot.fr\/wp-content\/uploads\/2024\/12\/boxking_services_img_1-300x167.jpg 300w\" sizes=\"(max-width: 540px) 100vw, 540px\" \/><div class=\"wp-block-cover__inner-container is-layout-constrained wp-block-cover-is-layout-constrained\">\n<p class=\"has-text-align-center has-large-font-size\">UN SERVICE HAUT DE GAMME<\/p>\n<\/div><\/div>\n\n\n\n<p><\/p>\n\n\n\n<p style=\"font-size:23px\">Event Pilot est attach\u00e9 \u00e0 l&#8217;excellence. Nos experts du service refl\u00e8tent \u00e0 travers leur tenue et leur attitude, notre savoir-faire et notre savoir-\u00eatre, pour que vous puissiez profiter de cet instant suspendu en toute s\u00e9r\u00e9nit\u00e9.<\/p>\n\n\n\n<p><\/p>\n\n\n\n<div class=\"wp-block-buttons is-layout-flex wp-block-buttons-is-layout-flex\">\n<div class=\"wp-block-button\"><a class=\"wp-block-button__link has-white-color has-text-color has-link-color wp-element-button\">Contacter Event Pilot<\/a><\/div>\n<\/div>\n\n\n\n<figure class=\"wp-block-gallery has-nested-images columns-default is-cropped wp-block-gallery-1 is-layout-flex wp-block-gallery-is-layout-flex\">\n<figure class=\"wp-block-image size-large\"><img decoding=\"async\" data-id=\"66\" src=\"https:\/\/eventpilot.fr\/wp-content\/uploads\/2024\/12\/Asset-4.svg\" alt=\"\" class=\"wp-image-66\"\/><\/figure>\n\n\n\n<figure class=\"wp-block-image size-large\"><img decoding=\"async\" width=\"540\" height=\"300\" data-id=\"52\" src=\"https:\/\/eventpilot.fr\/wp-content\/uploads\/2024\/12\/boxking_services_img_1.jpg\" alt=\"\" class=\"wp-image-52\" srcset=\"https:\/\/eventpilot.fr\/wp-content\/uploads\/2024\/12\/boxking_services_img_1.jpg 540w, https:\/\/eventpilot.fr\/wp-content\/uploads\/2024\/12\/boxking_services_img_1-300x167.jpg 300w\" sizes=\"(max-width: 540px) 100vw, 540px\" \/><\/figure>\n\n\n\n<figure class=\"wp-block-image size-large\"><img loading=\"lazy\" decoding=\"async\" width=\"835\" height=\"322\" data-id=\"9\" src=\"https:\/\/eventpilot.fr\/wp-content\/uploads\/2024\/12\/dark@3x.png\" alt=\"\" class=\"wp-image-9\" srcset=\"https:\/\/eventpilot.fr\/wp-content\/uploads\/2024\/12\/dark@3x.png 835w, https:\/\/eventpilot.fr\/wp-content\/uploads\/2024\/12\/dark@3x-300x116.png 300w, https:\/\/eventpilot.fr\/wp-content\/uploads\/2024\/12\/dark@3x-768x296.png 768w\" sizes=\"(max-width: 835px) 100vw, 835px\" \/><\/figure>\n<\/figure>\n\n\n\n<hr class=\"wp-block-separator has-alpha-channel-opacity\"\/>\n\n\n\n<p><\/p>\n\n\n\n<div class=\"wp-block-group is-vertical is-layout-flex wp-container-core-group-is-layout-1 wp-block-group-is-layout-flex\">\n<h2 class=\"wp-block-heading\">SCENOGRAPHIE<\/h2>\n<\/div>\n\n\n\n<p style=\"font-size:23px\">Nous adaptons l&#8217;apparence du bar \u00e0 cocktails en fonction du style de votre mariage. Qua ce soit avec des fleurs fra\u00eeches, des \u00e9clairages d&#8217;ambiance ou un design \u00e9pur\u00e9, chaque d\u00e9tail est pens\u00e9 pour s&#8217;harmoniser parfaitement avec le cadre magique du ch\u00e2teau.<\/p>\n","protected":false},"excerpt":{"rendered":"<p>Les avantages de l&#8217;offre Event Pilot et la souplesse qu&#8217;elle vous assure, font de nous le partenaire id\u00e9al pour sublimer vos c\u00e9l\u00e9brations. DES COCKTAILS VARI\u00c9S De la personnalisation des cocktails aux classiques intemporels, Event Pilot offre tout un r\u00e9pertoire de services pour donner vie \u00e0 votre projet. UNE EXP\u00c9RIENCE PERSONNALIS\u00c9E Notre carte se renouvelle sans [&hellip;]<\/p>\n","protected":false},"author":2,"featured_media":0,"parent":0,"menu_order":0,"comment_status":"closed","ping_status":"closed","template":"","meta":{"footnotes":""},"class_list":["post-101","page","type-page","status-publish","hentry"],"_links":{"self":[{"href":"https:\/\/eventpilot.fr\/index.php\/wp-json\/wp\/v2\/pages\/101","targetHints":{"allow":["GET"]}}],"collection":[{"href":"https:\/\/eventpilot.fr\/index.php\/wp-json\/wp\/v2\/pages"}],"about":[{"href":"https:\/\/eventpilot.fr\/index.php\/wp-json\/wp\/v2\/types\/page"}],"author":[{"embeddable":true,"href":"https:\/\/eventpilot.fr\/index.php\/wp-json\/wp\/v2\/users\/2"}],"replies":[{"embeddable":true,"href":"https:\/\/eventpilot.fr\/index.php\/wp-json\/wp\/v2\/comments?post=101"}],"version-history":[{"count":5,"href":"https:\/\/eventpilot.fr\/index.php\/wp-json\/wp\/v2\/pages\/101\/revisions"}],"predecessor-version":[{"id":107,"href":"https:\/\/eventpilot.fr\/index.php\/wp-json\/wp\/v2\/pages\/101\/revisions\/107"}],"wp:attachment":[{"href":"https:\/\/eventpilot.fr\/index.php\/wp-json\/wp\/v2\/media?parent=101"}],"curies":[{"name":"wp","href":"https:\/\/api.w.org\/{rel}","templated":true}]}}